{"id":5,"date":"2008-04-19T14:17:40","date_gmt":"2008-04-19T17:17:40","guid":{"rendered":"http:\/\/bigital.com\/?page_id=5"},"modified":"2014-01-17T01:01:35","modified_gmt":"2014-01-17T03:01:35","slug":"tomas-garcia-ferrari","status":"publish","type":"page","link":"https:\/\/bigital.com\/castellano\/tomas-garcia-ferrari\/","title":{"rendered":"Tom\u00e1s Garc\u00eda Ferrari"},"content":{"rendered":"<p>Soy un dise\u00f1ador especializado en el desarrollo de proyectos digitales.<\/p>\n<h2>Como profesional<\/h2>\n<p>Desde agosto de 1996 trabajo junto a <a href=\"http:\/\/bigital.com\/castellano\/carolina-short\/\">Carolina Short<\/a> como <a href=\"http:\/\/bigital.com\/\"><strong>(bi)gital\u00bb<\/strong><\/a>, un estudio de dise\u00f1o orientado al dise\u00f1o de interacci\u00f3n y al dise\u00f1o de informaci\u00f3n.<\/p>\n<p>He trabajado como consultor, dise\u00f1ador, director de arte, desarrollador, programador y webmaster \u2013en diversas combinaciones\u2013 para el Fondo Multilateral de Inversiones del Banco Interamericano de Desarrollo (BID-FOMIN), la Fundaci\u00f3n El Libro, la Universidad de Otago (Nueva Zelandia), la Fundaci\u00f3n Impulsar, SodaStereo, Apple Latinamerica\u2026 (ver nuestra <a title=\"V\u00ednculo a la lista de clientes de (bi)gital\u00bb\" href=\"http:\/\/bigital.com\/castellano\/clientes\/\">lista de clientes<\/a>).<\/p>\n<p>Con anterioridad trabaj\u00e9 en <a href=\"http:\/\/www.clarin.com\/\">Clar\u00edn<\/a>, donde dise\u00f1\u00e9 y desarroll\u00e9 la primera versi\u00f3n del diario para la World Wide Web y en Multimedios Am\u00e9rica, una empresa de medios masivos de comunicaci\u00f3n (en aquel momento due\u00f1a de CableVisi\u00f3n, El Cronista Comercial, Am\u00e9rica TV y FM Aspen entre otras empresas).<\/p>\n<h2>Como docente<\/h2>\n<p>En la actualidad tengo un cargo de <strong>Senior Lecturer<\/strong> en el Department of Computer Sciences de la <a title=\"Link al sitio de la University of Waikato\" href=\"http:\/\/www.waikato.ac.nz\/\">University of Waikato<\/a>, en Hamilton (Nueva Zelandia). Ah\u00ed desempe\u00f1o tareas docentes y de investigaci\u00f3n en el marco de la carrera de <a title=\"Link al sitio de la carrera de Computer Graphic Design\" href=\"http:\/\/cgd.waikato.ac.nz\">Computer Graphic Design<\/a>.<\/p>\n<p>Desde su creaci\u00f3n en el a\u00f1o 2008 hasta el a\u00f1o 2012, form\u00e9 parte del cuerpo docente de la <a title=\"V\u00ednculo al sitio de la Carrera\" href=\"http:\/\/www.cdt-uba.org\/\">Carrera de Dise\u00f1o de Tipograf\u00eda<\/a> de la Facultad de Arquitectura, Dise\u00f1o y Urbanismo de la Universidad de Buenos Aires.<\/p>\n<p>Durante los a\u00f1os 2006 y 2007 fui parte del <a href=\"http:\/\/www.design.otago.ac.nz\/\">Departament of Design Studies<\/a> de la <a href=\"http:\/\/www.otago.ac.nz\/\">University of Otago<\/a>, en Nueva Zelanda, cuyo director era el <a title=\"V\u00ednculo a la p\u00e1gina del Prof. Bley en la University of Otago\" href=\"http:\/\/www.design.otago.ac.nz\/people\/staff\/thomasbley.php\">Prof. Thomas Bley<\/a>. All\u00ed compart\u00ed tareas docentes con profesionales como <a title=\"V\u00ednculo a la p\u00e1gina de Ralf Hebecker en la University of Otago\" href=\"http:\/\/www.design.otago.ac.nz\/people\/staff\/ralfhebecker.php\">Ralf Hebecker<\/a>, <a title=\"V\u00ednculo a la p\u00e1gina de Alex Gilks en la University of Otago\" href=\"http:\/\/www.design.otago.ac.nz\/people\/staff\/alexgilks.php\">Alex Gilks<\/a>, <a title=\"V\u00ednculo a la p\u00e1gina de Scott Savage en la University of Otago\" href=\"http:\/\/www.design.otago.ac.nz\/people\/staff\/scottsavage.php\">Scott Savage<\/a> y <a title=\"V\u00ednculo a la p\u00e1gina de Andrew Wallace en la University of Otago\" href=\"http:\/\/www.design.otago.ac.nz\/people\/staff\/andrewwallace.php\">Andrew Wallace<\/a>, entre otros.<\/p>\n<p>En 1999-2000 trabaj\u00e9 como profesor invitado de Dise\u00f1o de Nuevos Medios en la Facultad de dise\u00f1o de la <a href=\"http:\/\/www.burg-halle.de\/\">Escuela de Arte y Dise\u00f1o \u00abBurg Giebichenstein\u00bb<\/a> en Halle an der Saale, en Alemania.<\/p>\n<p>Con anterioridad, fui docente de tipograf\u00eda en la <a href=\"http:\/\/www.fadu.uba.ar\/\">Facultad de Arquitectura, Dise\u00f1o y Urbanismo<\/a> de la Universidad de Buenos Aires en la c\u00e1tedra del <strong><a href=\"http:\/\/www.fontana-d.com\/\">Prof. Rub\u00e9n Fontana<\/a><\/strong> y luego en la c\u00e1tedra del <strong><a href=\"http:\/\/www.tipografiavenancio.com.ar\/\">Prof. Carlos Venancio<\/a><\/strong>.<\/p>\n<h2>Adem\u00e1s\u2026<\/h2>\n<p>Entre los a\u00f1os 1998 y 1999 Carolina y yo estuvimos becados en la <a href=\"http:\/\/www.akademie-solitude.de\/\">Akademie Schloss Solitude<\/a>, ubicada en Stuttgart, Alemania. Fuimos seleccionados para esta beca por el <a href=\"http:\/\/guibonsiepe.com\/\">Prof. Gui Bonsiepe<\/a>.<\/p>\n<p>He dado <a href=\"http:\/\/bigital.com\/castellano\/charlas-y-seminarios\/\">charlas, presentaciones y seminarios<\/a> en m\u00faltiples ocasiones y en distintos pa\u00edses tales como Argentina, Alemania, Colombia y Nueva Zelandia.<\/p>\n<p>Egres\u00e9 de la <a href=\"http:\/\/www.fadu.uba.ar\/\">FADU<\/a> de la Universidad de Buenos Aires en el a\u00f1o 1992 con el t\u00edtulo de <strong>Dise\u00f1ador Gr\u00e1fico<\/strong>. En el a\u00f1o 2007 obtuve el t\u00edtulo de posgrado <strong>Especialista en Teor\u00eda del Dise\u00f1o Comunicacional<\/strong>, en la Facultad de Arquitectura, Dise\u00f1o y Urbanismo de la Universidad de Buenos Aires.<\/p>\n<p>Si quer\u00e9s contactarme pod\u00e9s hacerlo escribiendo a <a href=\"mailto:tgf@bigital.com\">tgf@bigital.com<\/a>.<\/p>\n","protected":false},"excerpt":{"rendered":"<p>Soy un dise\u00f1ador especializado en el desarrollo de proyectos digitales. Como profesional Desde agosto de 1996 trabajo junto a Carolina Short como (bi)gital\u00bb, un estudio de dise\u00f1o orientado al dise\u00f1o de interacci\u00f3n y al dise\u00f1o de informaci\u00f3n. He trabajado como consultor, dise\u00f1ador, director de arte, desarrollador, programador y webmaster \u2013en diversas combinaciones\u2013 para el Fondo [&hellip;] <span class=\"read_more\"><a href=\"https:\/\/bigital.com\/castellano\/tomas-garcia-ferrari\/\" title=\"Tom\u00e1s Garc\u00eda Ferrari\">&rarr;<\/a><\/span><\/p>\n","protected":false},"author":1,"featured_media":0,"parent":0,"menu_order":0,"comment_status":"closed","ping_status":"open","template":"","meta":{"footnotes":""},"class_list":["post-5","page","type-page","status-publish","hentry"],"aioseo_notices":[],"_links":{"self":[{"href":"https:\/\/bigital.com\/castellano\/wp-json\/wp\/v2\/pages\/5","targetHints":{"allow":["GET"]}}],"collection":[{"href":"https:\/\/bigital.com\/castellano\/wp-json\/wp\/v2\/pages"}],"about":[{"href":"https:\/\/bigital.com\/castellano\/wp-json\/wp\/v2\/types\/page"}],"author":[{"embeddable":true,"href":"https:\/\/bigital.com\/castellano\/wp-json\/wp\/v2\/users\/1"}],"replies":[{"embeddable":true,"href":"https:\/\/bigital.com\/castellano\/wp-json\/wp\/v2\/comments?post=5"}],"version-history":[{"count":15,"href":"https:\/\/bigital.com\/castellano\/wp-json\/wp\/v2\/pages\/5\/revisions"}],"predecessor-version":[{"id":662,"href":"https:\/\/bigital.com\/castellano\/wp-json\/wp\/v2\/pages\/5\/revisions\/662"}],"wp:attachment":[{"href":"https:\/\/bigital.com\/castellano\/wp-json\/wp\/v2\/media?parent=5"}],"curies":[{"name":"wp","href":"https:\/\/api.w.org\/{rel}","templated":true}]}}