{"id":20,"date":"2008-04-19T18:25:47","date_gmt":"2008-04-19T21:25:47","guid":{"rendered":"http:\/\/bigital.com\/?page_id=20"},"modified":"2009-01-20T21:01:24","modified_gmt":"2009-01-20T23:01:24","slug":"contacto","status":"publish","type":"page","link":"https:\/\/bigital.com\/castellano\/contacto\/","title":{"rendered":"Contacto"},"content":{"rendered":"<p>La manera m\u00e1s sencilla de contactarse con nosotros es dirigirnos un e-mail a <a href=\"mailto:info@bigital.com?Subject=Contacto+desde+el+sitio\">info@bigital.com<\/a>.<\/p>\n<p>Cualquier otro tipo de contacto (postal, telef\u00f3nico y dem\u00e1s) puede ser solicitados a trav\u00e9s del e-mail.<\/p>\n<h2>Lista de tipografia en bigital.com<\/h2>\n<p>Si quer\u00e9s suscribirte a la lista de correo electr\u00f3nico de tipograf\u00eda en (bi)gital\u00bb, mandanos tu nombre y direcci\u00f3n de correo electr\u00f3nico a la direcci\u00f3n <a href=\"mailto:subscribe-tipografia@bigital.com?Subject=Subscribe\">subscribe-tipografia@bigital.com<\/a> y te suscribimos a la brevedad posible.<\/p>\n","protected":false},"excerpt":{"rendered":"<p>La manera m\u00e1s sencilla de contactarse con nosotros es dirigirnos un e-mail a info@bigital.com. Cualquier otro tipo de contacto (postal, telef\u00f3nico y dem\u00e1s) puede ser solicitados a trav\u00e9s del e-mail. Lista de tipografia en bigital.com Si quer\u00e9s suscribirte a la lista de correo electr\u00f3nico de tipograf\u00eda en (bi)gital\u00bb, mandanos tu nombre y direcci\u00f3n de correo [&hellip;] <span class=\"read_more\"><a href=\"https:\/\/bigital.com\/castellano\/contacto\/\" title=\"Contacto\">&rarr;<\/a><\/span><\/p>\n","protected":false},"author":1,"featured_media":0,"parent":0,"menu_order":0,"comment_status":"closed","ping_status":"open","template":"","meta":{"footnotes":""},"class_list":["post-20","page","type-page","status-publish","hentry"],"aioseo_notices":[],"_links":{"self":[{"href":"https:\/\/bigital.com\/castellano\/wp-json\/wp\/v2\/pages\/20","targetHints":{"allow":["GET"]}}],"collection":[{"href":"https:\/\/bigital.com\/castellano\/wp-json\/wp\/v2\/pages"}],"about":[{"href":"https:\/\/bigital.com\/castellano\/wp-json\/wp\/v2\/types\/page"}],"author":[{"embeddable":true,"href":"https:\/\/bigital.com\/castellano\/wp-json\/wp\/v2\/users\/1"}],"replies":[{"embeddable":true,"href":"https:\/\/bigital.com\/castellano\/wp-json\/wp\/v2\/comments?post=20"}],"version-history":[{"count":4,"href":"https:\/\/bigital.com\/castellano\/wp-json\/wp\/v2\/pages\/20\/revisions"}],"predecessor-version":[{"id":217,"href":"https:\/\/bigital.com\/castellano\/wp-json\/wp\/v2\/pages\/20\/revisions\/217"}],"wp:attachment":[{"href":"https:\/\/bigital.com\/castellano\/wp-json\/wp\/v2\/media?parent=20"}],"curies":[{"name":"wp","href":"https:\/\/api.w.org\/{rel}","templated":true}]}}