{"id":2,"date":"2008-04-19T11:51:31","date_gmt":"2008-04-19T14:51:31","guid":{"rendered":"http:\/\/bigital.com\/?page_id=2"},"modified":"2009-02-06T12:58:44","modified_gmt":"2009-02-06T14:58:44","slug":"breve-historia","status":"publish","type":"page","link":"https:\/\/bigital.com\/castellano\/breve-historia\/","title":{"rendered":"Breve historia"},"content":{"rendered":"<p>Somos <a href=\"castellano\/Carolina-Short\"><strong>Carolina Short<\/strong><\/a> y <a href=\"castellano\/Tomas-Garcia-Ferrari\"><strong>Tom\u00e1s Garc\u00eda Ferrari<\/strong><\/a>, un par de dise\u00f1adores exclusivamente dedicados al desarrollo de proyectos digitales.<\/p>\n<p>Estamos trabajando juntos desde el a\u00f1o 1996, cuando nos decidimos a unir nuestras experiencias para crear un equipo enfocado en esta zona emergente del dise\u00f1o.<\/p>\n<p>Desde entonces hemos estado junto a diversas <a href=\"castellano\/clientes\">personas, compa\u00f1\u00edas e instituciones <\/a> \u2013en Argentina y tambi\u00e9n en otros contextos como en Alemania o Nueva Zelandia\u2013 ayudando en la definici\u00f3n de algunas \u00e1reas nuevas de la comunicaci\u00f3n.<\/p>\n<p>Adem\u00e1s tratamos de transformar nuestra experiencia cotidiana en un saber m\u00e1s amplio, transmisible y aprovechable por otras personas dando <a href=\"castellano\/charlas-y-seminarios\">charlas y seminarios<\/a> en todas las oportunidades posibles. Algunos de estos art\u00edculos se encuentran publicados en este sitio, en la secci\u00f3n llamada <a href=\"http:\/\/bigital.com\/castellano\/temas\/textualmente\/\">Textualmente<\/a>.<\/p>\n<h3>Peque\u00f1o Portfolio Ilustrado<\/h3>\n<p><a href=\"http:\/\/bigital.com\/castellano\/files\/2008\/04\/bigital-portfolio_2003.pdf\">Portfolio 2003<\/a> (2 MB).<\/p>\n<h3>Lista de tipograf\u00eda<\/h3>\n<p>En el a\u00f1o 1997 creamos una lista de correo electr\u00f3nico para discutir en idioma espa\u00f1ol acerca de todo lo relacionado a la tipograf\u00eda. Al d\u00eda de la fecha la lista cuenta con varios centenares de suscriptores y se ha transformado en un interesante espacio de debate y opini\u00f3n. Si ten\u00e9s inter\u00e9s en suscribirte, pod\u00e9s hacerlo mediante el formulario de nuestra p\u00e1gina de <a href=\"castellano\/contacto\">contacto<\/a>.<\/p>\n","protected":false},"excerpt":{"rendered":"<p>Somos Carolina Short y Tom\u00e1s Garc\u00eda Ferrari, un par de dise\u00f1adores exclusivamente dedicados al desarrollo de proyectos digitales. Estamos trabajando juntos desde el a\u00f1o 1996, cuando nos decidimos a unir nuestras experiencias para crear un equipo enfocado en esta zona emergente del dise\u00f1o. Desde entonces hemos estado junto a diversas personas, compa\u00f1\u00edas e instituciones \u2013en [&hellip;] <span class=\"read_more\"><a href=\"https:\/\/bigital.com\/castellano\/breve-historia\/\" title=\"Breve historia\">&rarr;<\/a><\/span><\/p>\n","protected":false},"author":1,"featured_media":0,"parent":0,"menu_order":0,"comment_status":"open","ping_status":"open","template":"","meta":{"footnotes":""},"class_list":["post-2","page","type-page","status-publish","hentry"],"aioseo_notices":[],"_links":{"self":[{"href":"https:\/\/bigital.com\/castellano\/wp-json\/wp\/v2\/pages\/2","targetHints":{"allow":["GET"]}}],"collection":[{"href":"https:\/\/bigital.com\/castellano\/wp-json\/wp\/v2\/pages"}],"about":[{"href":"https:\/\/bigital.com\/castellano\/wp-json\/wp\/v2\/types\/page"}],"author":[{"embeddable":true,"href":"https:\/\/bigital.com\/castellano\/wp-json\/wp\/v2\/users\/1"}],"replies":[{"embeddable":true,"href":"https:\/\/bigital.com\/castellano\/wp-json\/wp\/v2\/comments?post=2"}],"version-history":[{"count":11,"href":"https:\/\/bigital.com\/castellano\/wp-json\/wp\/v2\/pages\/2\/revisions"}],"predecessor-version":[{"id":208,"href":"https:\/\/bigital.com\/castellano\/wp-json\/wp\/v2\/pages\/2\/revisions\/208"}],"wp:attachment":[{"href":"https:\/\/bigital.com\/castellano\/wp-json\/wp\/v2\/media?parent=2"}],"curies":[{"name":"wp","href":"https:\/\/api.w.org\/{rel}","templated":true}]}}